{"id":405,"date":"2023-08-17T05:19:38","date_gmt":"2023-08-17T05:19:38","guid":{"rendered":"https:\/\/mayeambalaj.com\/?post_type=product&#038;p=405"},"modified":"2023-08-17T07:26:23","modified_gmt":"2023-08-17T07:26:23","slug":"frozen-pipet","status":"publish","type":"product","link":"https:\/\/mayeambalaj.com\/en\/magaza\/frozen-pipet\/","title":{"rendered":"Frozen Pipet"},"content":{"rendered":"<p>\u0130ster logolu isterseniz logosuz frozen pipet<br \/>\n8mm \u00e7ap\u0131nda 22cm uzunlu\u011funda<br \/>\nFarkl\u0131 renk se\u00e7enekleriyle<\/p>","protected":false},"excerpt":{"rendered":"<p>Jelatinli veya normal frozen pipet. Yald\u0131z bask\u0131<\/p>","protected":false},"featured_media":418,"comment_status":"open","ping_status":"closed","template":"","meta":[],"product_cat":[69],"product_tag":[77,76,78,79,75,80],"_links":{"self":[{"href":"https:\/\/mayeambalaj.com\/en\/wp-json\/wp\/v2\/product\/405"}],"collection":[{"href":"https:\/\/mayeambalaj.com\/en\/wp-json\/wp\/v2\/product"}],"about":[{"href":"https:\/\/mayeambalaj.com\/en\/wp-json\/wp\/v2\/types\/product"}],"replies":[{"embeddable":true,"href":"https:\/\/mayeambalaj.com\/en\/wp-json\/wp\/v2\/comments?post=405"}],"wp:featuredmedia":[{"embeddable":true,"href":"https:\/\/mayeambalaj.com\/en\/wp-json\/wp\/v2\/media\/418"}],"wp:attachment":[{"href":"https:\/\/mayeambalaj.com\/en\/wp-json\/wp\/v2\/media?parent=405"}],"wp:term":[{"taxonomy":"product_cat","embeddable":true,"href":"https:\/\/mayeambalaj.com\/en\/wp-json\/wp\/v2\/product_cat?post=405"},{"taxonomy":"product_tag","embeddable":true,"href":"https:\/\/mayeambalaj.com\/en\/wp-json\/wp\/v2\/product_tag?post=405"}],"curies":[{"name":"wp","href":"https:\/\/api.w.org\/{rel}","templated":true}]}}