{"id":422,"date":"2023-08-17T07:49:54","date_gmt":"2023-08-17T07:49:54","guid":{"rendered":"https:\/\/mayeambalaj.com\/?post_type=product&#038;p=422"},"modified":"2023-08-17T07:49:54","modified_gmt":"2023-08-17T07:49:54","slug":"esmer-stick-seker","status":"publish","type":"product","link":"https:\/\/mayeambalaj.com\/en\/magaza\/esmer-stick-seker\/","title":{"rendered":"Esmer Stick \u015eeker"},"content":{"rendered":"<p><span style=\"color: #003300;\"><strong>Esmer Stick \u015eeker<\/strong><\/span><\/p>\n<p><strong>Geleneksel beyaz \u015fekerden farkl\u0131 olarak daha do\u011fal bir renk ve tat elde edilen bir \u015feker t\u00fcr\u00fcd\u00fcr.<\/strong><\/p>\n<p><strong>Genellikle kahverengi veya esmer renkte olur ve rafine edilmemi\u015f, daha az i\u015flenmi\u015f \u015feker kam\u0131\u015flar\u0131ndan veya pancardan elde edilir.<\/strong><\/p>\n<p><strong>Esmer \u015feker, beyaz \u015fekerin aksine i\u00e7erdi\u011fi baz\u0131 besleyici maddeler nedeniyle tercih edilebilir. <\/strong><\/p>\n<p><strong>Bu besleyici maddeler, esmer \u015fekerin rafine edilmemi\u015f olmas\u0131ndan kaynaklan\u0131r. Esmer \u015fekerin i\u00e7eri\u011findeki melas (melas\u0131n miktar\u0131na ba\u011fl\u0131 olarak) demir, kalsiyum, potasyum ve magnezyum gibi mineralleri i\u00e7erebilir.<\/strong><\/p>\n<p><strong>Esmer stick \u015fekerler, acil durumlarda h\u0131zl\u0131 enerji sa\u011flamak amac\u0131yla kullan\u0131lan portatif \u00fcr\u00fcnlerdir. <\/strong><\/p>\n<p><strong>Esmer \u015feker, daha karma\u015f\u0131k ve zengin bir tat profili sunabilir ve baz\u0131 insanlar i\u00e7in tercih edilen bir alternatif olabilir.<\/strong><\/p>","protected":false},"excerpt":{"rendered":"<p><strong><span style=\"color: #003300;\">Esmer Stick \u015eeker<\/span><\/strong><\/p>\n<p><strong>Geleneksel beyaz \u015fekerden farkl\u0131 olarak daha do\u011fal bir renk ve tat elde edilen bir \u015feker t\u00fcr\u00fcd\u00fcr.<\/strong><\/p>\n<p><strong>Genellikle kahverengi veya esmer renkte olur ve rafine edilmemi\u015f, daha az i\u015flenmi\u015f \u015feker kam\u0131\u015flar\u0131ndan veya pancardan elde edilir.<\/strong><\/p>","protected":false},"featured_media":423,"comment_status":"open","ping_status":"closed","template":"","meta":[],"product_cat":[67],"product_tag":[],"_links":{"self":[{"href":"https:\/\/mayeambalaj.com\/en\/wp-json\/wp\/v2\/product\/422"}],"collection":[{"href":"https:\/\/mayeambalaj.com\/en\/wp-json\/wp\/v2\/product"}],"about":[{"href":"https:\/\/mayeambalaj.com\/en\/wp-json\/wp\/v2\/types\/product"}],"replies":[{"embeddable":true,"href":"https:\/\/mayeambalaj.com\/en\/wp-json\/wp\/v2\/comments?post=422"}],"wp:featuredmedia":[{"embeddable":true,"href":"https:\/\/mayeambalaj.com\/en\/wp-json\/wp\/v2\/media\/423"}],"wp:attachment":[{"href":"https:\/\/mayeambalaj.com\/en\/wp-json\/wp\/v2\/media?parent=422"}],"wp:term":[{"taxonomy":"product_cat","embeddable":true,"href":"https:\/\/mayeambalaj.com\/en\/wp-json\/wp\/v2\/product_cat?post=422"},{"taxonomy":"product_tag","embeddable":true,"href":"https:\/\/mayeambalaj.com\/en\/wp-json\/wp\/v2\/product_tag?post=422"}],"curies":[{"name":"wp","href":"https:\/\/api.w.org\/{rel}","templated":true}]}}