{"id":424,"date":"2023-08-17T08:20:54","date_gmt":"2023-08-17T08:20:54","guid":{"rendered":"https:\/\/mayeambalaj.com\/?post_type=product&#038;p=424"},"modified":"2025-04-12T15:27:30","modified_gmt":"2025-04-12T15:27:30","slug":"garson-katlama-pecete-33x33-olcu","status":"publish","type":"product","link":"https:\/\/mayeambalaj.com\/en\/magaza\/garson-katlama-pecete-33x33-olcu\/","title":{"rendered":"Garson Katlama Pe\u00e7ete 33&#215;33 \u00d6l\u00e7\u00fc"},"content":{"rendered":"<p><span style=\"color: #003300;\"><strong>Garson Katlama Pe\u00e7ete<\/strong><\/span><\/p>\n<p><strong>Bask\u0131l\u0131 pe\u00e7ete, genellikle restoranlar, kafeler, etkinlikler ve \u00f6zel organizasyonlar gibi yerlerde kullan\u0131lan \u00f6zel tasar\u0131mlar veya logolarla s\u00fcslenmi\u015f pe\u00e7etelerdir. <\/strong><\/p>\n<p><strong>Bu pe\u00e7eteler, marka bilinirli\u011fi olu\u015fturmak, tematik bir atmosfer yaratmak veya \u00f6zel bir etkinli\u011fi vurgulamak amac\u0131yla tasarlanabilir.<\/strong><\/p>\n<p><strong>Bask\u0131l\u0131 pe\u00e7eteler, genellikle logo, resim, metin veya desen gibi grafik \u00f6\u011feleri i\u00e7erebilir. <\/strong><\/p>\n<p><strong>Bu tasar\u0131m \u00f6\u011feleri pe\u00e7etelerin g\u00f6r\u00fcn\u00fcm\u00fcn\u00fc zenginle\u015ftirir ve markan\u0131n veya etkinli\u011fin temas\u0131n\u0131 yans\u0131tabilir. <\/strong><\/p>\n<p><strong>Renkli bask\u0131lar veya \u00f6zel kesimler de kullan\u0131larak ilgin\u00e7 ve etkileyici pe\u00e7ete tasar\u0131mlar\u0131 olu\u015fturulabilir.<\/strong><\/p>\n<p><strong>Bu t\u00fcr bask\u0131l\u0131 pe\u00e7eteler, marka kimli\u011fini g\u00fc\u00e7lendirmek isteyen i\u015fletmeler, \u00f6zel g\u00fcnler i\u00e7in \u00f6zel dekorasyon yapmak isteyen organizat\u00f6rler veya etkinliklere \u00f6zg\u00fc bir tema olu\u015fturmak isteyen ki\u015filer taraf\u0131ndan s\u0131k\u00e7a tercih edilir. <\/strong><\/p>\n<p><strong>Bask\u0131l\u0131 pe\u00e7eteler, hem estetik hem de tan\u0131t\u0131m amac\u0131 ta\u015f\u0131yan \u00f6zel \u00fcr\u00fcnlerdir.<\/strong><\/p>","protected":false},"excerpt":{"rendered":"<p><span style=\"color: #003300;\"><strong>Garson Katlama Pe\u00e7ete<\/strong><\/span><\/p>\n<p><strong>Bask\u0131l\u0131 pe\u00e7ete, genellikle restoranlar, kafeler, etkinlikler ve \u00f6zel organizasyonlar gibi yerlerde kullan\u0131lan \u00f6zel tasar\u0131mlar veya logolarla s\u00fcslenmi\u015f pe\u00e7etelerdir. <\/strong><\/p>\n<p>&nbsp;<\/p>","protected":false},"featured_media":425,"comment_status":"open","ping_status":"closed","template":"","meta":[],"product_cat":[15],"product_tag":[77,87,88,89,86],"_links":{"self":[{"href":"https:\/\/mayeambalaj.com\/en\/wp-json\/wp\/v2\/product\/424"}],"collection":[{"href":"https:\/\/mayeambalaj.com\/en\/wp-json\/wp\/v2\/product"}],"about":[{"href":"https:\/\/mayeambalaj.com\/en\/wp-json\/wp\/v2\/types\/product"}],"replies":[{"embeddable":true,"href":"https:\/\/mayeambalaj.com\/en\/wp-json\/wp\/v2\/comments?post=424"}],"wp:featuredmedia":[{"embeddable":true,"href":"https:\/\/mayeambalaj.com\/en\/wp-json\/wp\/v2\/media\/425"}],"wp:attachment":[{"href":"https:\/\/mayeambalaj.com\/en\/wp-json\/wp\/v2\/media?parent=424"}],"wp:term":[{"taxonomy":"product_cat","embeddable":true,"href":"https:\/\/mayeambalaj.com\/en\/wp-json\/wp\/v2\/product_cat?post=424"},{"taxonomy":"product_tag","embeddable":true,"href":"https:\/\/mayeambalaj.com\/en\/wp-json\/wp\/v2\/product_tag?post=424"}],"curies":[{"name":"wp","href":"https:\/\/api.w.org\/{rel}","templated":true}]}}