{"id":430,"date":"2023-08-17T08:50:39","date_gmt":"2023-08-17T08:50:39","guid":{"rendered":"https:\/\/mayeambalaj.com\/?post_type=product&#038;p=430"},"modified":"2023-08-17T08:50:39","modified_gmt":"2023-08-17T08:50:39","slug":"baskili-islak-mendil","status":"publish","type":"product","link":"https:\/\/mayeambalaj.com\/en\/magaza\/baskili-islak-mendil\/","title":{"rendered":"Bask\u0131l\u0131 Islak Mendil"},"content":{"rendered":"<p><span style=\"color: #003300;\"><strong>Bask\u0131l\u0131 Islak Mendil<\/strong><\/span><\/p>\n<p><strong>Islak mendil, temizlik veya hijyen sa\u011flama amac\u0131yla kullan\u0131lan ve \u00fczerinde \u00f6zel tasar\u0131m, logo, metin veya desen gibi bask\u0131lar\u0131n bulundu\u011fu, tek kullan\u0131ml\u0131k \u0131slak mendil t\u00fcr\u00fcd\u00fcr. <\/strong><\/p>\n<p><strong>Bu t\u00fcr mendiller, temizlik ve hijyen sa\u011flama i\u015flevinin yan\u0131 s\u0131ra marka tan\u0131t\u0131m\u0131 veya \u00f6zel etkinlikler i\u00e7in de kullan\u0131lan \u00f6zelle\u015ftirilmi\u015f \u00fcr\u00fcnlerdir.<\/strong><\/p>\n<p><strong>Bask\u0131l\u0131 tekli \u0131slak mendiller, \u00f6zel bir logo veya mesajla markan\u0131z\u0131 tan\u0131tabilir, <\/strong><\/p>\n<p><strong>\u00d6zel organizasyonlar\u0131n\u0131z\u0131n temas\u0131n\u0131 yans\u0131tabilir veya etkinli\u011finizin atmosferini destekleyebilir. Bu \u015fekilde, hem temizlik ihtiyac\u0131n\u0131 kar\u015f\u0131lar hem de \u00f6zel bir ki\u015fisel dokunu\u015f ekler.<\/strong><\/p>\n<p><strong>Restoranlar, oteller, etkinlikler, fuarlar ve daha bir\u00e7ok yerde bask\u0131l\u0131 tekli \u0131slak mendiller pop\u00fclerdir. <\/strong><\/p>\n<p><strong>Hem i\u015fletmelerin markalar\u0131n\u0131 g\u00fc\u00e7lendirmelerine hem de misafirlere veya kat\u0131l\u0131mc\u0131lara ho\u015f ve \u00f6zel bir deneyim sunmalar\u0131na yard\u0131mc\u0131 olurlar.<\/strong><\/p>\n<p><img decoding=\"async\" loading=\"lazy\" class=\"alignnone size-medium wp-image-432\" src=\"https:\/\/mayeambalaj.com\/wp-content\/uploads\/2023\/08\/islak-mendil-baskili-logolu-ozel-mayeambalaj.com--400x400.jpg\" alt=\"\" width=\"400\" height=\"400\" srcset=\"https:\/\/mayeambalaj.com\/wp-content\/uploads\/2023\/08\/islak-mendil-baskili-logolu-ozel-mayeambalaj.com--400x400.jpg 400w, https:\/\/mayeambalaj.com\/wp-content\/uploads\/2023\/08\/islak-mendil-baskili-logolu-ozel-mayeambalaj.com--800x800.jpg 800w, https:\/\/mayeambalaj.com\/wp-content\/uploads\/2023\/08\/islak-mendil-baskili-logolu-ozel-mayeambalaj.com--280x280.jpg 280w, https:\/\/mayeambalaj.com\/wp-content\/uploads\/2023\/08\/islak-mendil-baskili-logolu-ozel-mayeambalaj.com--768x768.jpg 768w, https:\/\/mayeambalaj.com\/wp-content\/uploads\/2023\/08\/islak-mendil-baskili-logolu-ozel-mayeambalaj.com--12x12.jpg 12w, https:\/\/mayeambalaj.com\/wp-content\/uploads\/2023\/08\/islak-mendil-baskili-logolu-ozel-mayeambalaj.com--300x300.jpg 300w, https:\/\/mayeambalaj.com\/wp-content\/uploads\/2023\/08\/islak-mendil-baskili-logolu-ozel-mayeambalaj.com--600x600.jpg 600w, https:\/\/mayeambalaj.com\/wp-content\/uploads\/2023\/08\/islak-mendil-baskili-logolu-ozel-mayeambalaj.com--100x100.jpg 100w, https:\/\/mayeambalaj.com\/wp-content\/uploads\/2023\/08\/islak-mendil-baskili-logolu-ozel-mayeambalaj.com-.jpg 1080w\" sizes=\"(max-width: 400px) 100vw, 400px\" \/><\/p>","protected":false},"excerpt":{"rendered":"<p><span style=\"color: #003300;\"><strong>Bask\u0131l\u0131 Islak Mendil<\/strong><\/span><\/p>\n<p><strong>Islak mendil, temizlik veya hijyen sa\u011flama amac\u0131yla kullan\u0131lan ve \u00fczerinde \u00f6zel tasar\u0131m, logo, metin veya desen gibi bask\u0131lar\u0131n bulundu\u011fu, tek kullan\u0131ml\u0131k \u0131slak mendil t\u00fcr\u00fcd\u00fcr. <\/strong><\/p>\n<p>&nbsp;<\/p>","protected":false},"featured_media":433,"comment_status":"open","ping_status":"closed","template":"","meta":[],"product_cat":[68],"product_tag":[77,94,90,79,91,89,93,92],"_links":{"self":[{"href":"https:\/\/mayeambalaj.com\/en\/wp-json\/wp\/v2\/product\/430"}],"collection":[{"href":"https:\/\/mayeambalaj.com\/en\/wp-json\/wp\/v2\/product"}],"about":[{"href":"https:\/\/mayeambalaj.com\/en\/wp-json\/wp\/v2\/types\/product"}],"replies":[{"embeddable":true,"href":"https:\/\/mayeambalaj.com\/en\/wp-json\/wp\/v2\/comments?post=430"}],"wp:featuredmedia":[{"embeddable":true,"href":"https:\/\/mayeambalaj.com\/en\/wp-json\/wp\/v2\/media\/433"}],"wp:attachment":[{"href":"https:\/\/mayeambalaj.com\/en\/wp-json\/wp\/v2\/media?parent=430"}],"wp:term":[{"taxonomy":"product_cat","embeddable":true,"href":"https:\/\/mayeambalaj.com\/en\/wp-json\/wp\/v2\/product_cat?post=430"},{"taxonomy":"product_tag","embeddable":true,"href":"https:\/\/mayeambalaj.com\/en\/wp-json\/wp\/v2\/product_tag?post=430"}],"curies":[{"name":"wp","href":"https:\/\/api.w.org\/{rel}","templated":true}]}}