{"id":442,"date":"2023-08-18T08:24:20","date_gmt":"2023-08-18T08:24:20","guid":{"rendered":"https:\/\/mayeambalaj.com\/?post_type=product&#038;p=442"},"modified":"2023-08-18T12:06:22","modified_gmt":"2023-08-18T12:06:22","slug":"frozen-pipet-jelatinli","status":"publish","type":"product","link":"https:\/\/mayeambalaj.com\/en\/magaza\/frozen-pipet-jelatinli\/","title":{"rendered":"Frozen Pipet Jelatinli"},"content":{"rendered":"<p><span style=\"color: #003300;\"><strong>Frozen Pipet Jelatinli<\/strong><\/span><\/p>\n<p><strong>Restoran pipetleri, yiyecek ve i\u00e7ecek servisinde kullan\u0131lan \u00f6zel tasarlanm\u0131\u015f pipetlerdir.<\/strong><\/p>\n<p><strong>Restoranlarda pipetler, hem g\u00f6rsel \u00e7ekicilik sa\u011flamak hem de \u0130lgin\u00e7 sunumlar olu\u015fturmak amac\u0131yla tercih edilir.<\/strong><\/p>\n<p><strong>Restoran pipetleri genellikle plastik veya bazen cam malzemelerden \u00fcretilirler. \u00c7e\u015fitli renklerde veya \u015feffaf olarak bulunabilirler ve i\u00e7erdikleri s\u0131v\u0131lar\u0131 kolayl\u0131kla ta\u015f\u0131yabilirler. \u0130\u00e7eceklerin, soslar\u0131n, aromalar\u0131n veya dekoratif detaylar\u0131n sunumunda kullan\u0131labilirler.<\/strong><\/p>\n<p><strong>Bu pipetler, \u00f6zellikle kokteyl barlar\u0131nda veya \u00f6zel yemek sunumlar\u0131nda s\u0131k\u00e7a kullan\u0131l\u0131r.<\/strong><\/p>\n<p><strong>\u00d6rne\u011fin, Ayn\u0131 zamanda \u00e7e\u015fitli yemeklerde soslar\u0131n hassas bir \u015fekilde da\u011f\u0131t\u0131lmas\u0131n\u0131 sa\u011flamak veya ince detaylar\u0131n vurgulanmas\u0131 i\u00e7in de kullan\u0131l\u0131rlar.<\/strong><\/p>\n<p><strong>Restoran pipetleri, ilgin\u00e7 sunumlar\u0131n yan\u0131 s\u0131ra lezzet deneyimini art\u0131rmak ve m\u00fc\u015fterilere farkl\u0131 ve ilgi \u00e7ekici bir deneyim sunmak i\u00e7in restoranlar taraf\u0131ndan kullan\u0131lan \u00f6nemli aksesuarlard\u0131r.<\/strong><\/p>","protected":false},"excerpt":{"rendered":"<p><span style=\"color: #003300;\"><strong>Frozen Pipet Jelatinli<\/strong><\/span><\/p>\n<p><strong>Restoran pipetleri, yiyecek ve i\u00e7ecek servisinde kullan\u0131lan \u00f6zel tasarlanm\u0131\u015f pipetlerdir.<\/strong><\/p>","protected":false},"featured_media":443,"comment_status":"open","ping_status":"closed","template":"","meta":[],"product_cat":[69],"product_tag":[77,94,76,78,95,79,75,93,80,92,85],"_links":{"self":[{"href":"https:\/\/mayeambalaj.com\/en\/wp-json\/wp\/v2\/product\/442"}],"collection":[{"href":"https:\/\/mayeambalaj.com\/en\/wp-json\/wp\/v2\/product"}],"about":[{"href":"https:\/\/mayeambalaj.com\/en\/wp-json\/wp\/v2\/types\/product"}],"replies":[{"embeddable":true,"href":"https:\/\/mayeambalaj.com\/en\/wp-json\/wp\/v2\/comments?post=442"}],"wp:featuredmedia":[{"embeddable":true,"href":"https:\/\/mayeambalaj.com\/en\/wp-json\/wp\/v2\/media\/443"}],"wp:attachment":[{"href":"https:\/\/mayeambalaj.com\/en\/wp-json\/wp\/v2\/media?parent=442"}],"wp:term":[{"taxonomy":"product_cat","embeddable":true,"href":"https:\/\/mayeambalaj.com\/en\/wp-json\/wp\/v2\/product_cat?post=442"},{"taxonomy":"product_tag","embeddable":true,"href":"https:\/\/mayeambalaj.com\/en\/wp-json\/wp\/v2\/product_tag?post=442"}],"curies":[{"name":"wp","href":"https:\/\/api.w.org\/{rel}","templated":true}]}}