{"id":479,"date":"2023-08-20T10:40:21","date_gmt":"2023-08-20T10:40:21","guid":{"rendered":"https:\/\/mayeambalaj.com\/?post_type=product&#038;p=479"},"modified":"2024-06-29T11:12:43","modified_gmt":"2024-06-29T11:12:43","slug":"baskili-kraft-canta","status":"publish","type":"product","link":"https:\/\/mayeambalaj.com\/en\/magaza\/baskili-kraft-canta\/","title":{"rendered":"Bask\u0131l\u0131 Kraft \u00c7anta"},"content":{"rendered":"<p><span style=\"color: #003300;\"><strong>Kraft \u00c7anta 250 Adet (25x12x31)\u00a0<\/strong><\/span><\/p>\n<p><strong>B\u00fck\u00fcm sapl\u0131 kraft renkli ka\u011f\u0131t \u00e7anta<\/strong><\/p>\n<p><strong>Ka\u011f\u0131t \u00e7antan\u0131n ortalama \u00f6l\u00e7\u00fcleri 25x12x31 cm.&#8217;dir.<\/strong><br \/>\n<strong>Sapl\u0131 ka\u011f\u0131t \u00e7antan\u0131n \u00f6l\u00e7\u00fcleri 0,5 ile 1 cm. aras\u0131 k\u00fc\u00e7\u00fckl\u00fck veya b\u00fcy\u00fckl\u00fck y\u00f6n\u00fcnden de\u011fi\u015fkenlik g\u00f6sterebilir.<\/strong><\/p>\n<p>Kraft b\u00fck\u00fcm sapl\u0131 ka\u011f\u0131t \u00e7antalar\u0131 hediye paketlemede, \u00f6zel g\u00fcnlerinizde, organizasyonlarda vb. alanlar da rahatl\u0131kla kullanabilirsiniz.<\/p>\n<p>Not:\u00a0Ka\u011f\u0131t \u00e7antan\u0131n renginde bir tona kadar renk fark\u0131 olabilir.<\/p>\n<p><img decoding=\"async\" loading=\"lazy\" class=\"alignnone size-medium wp-image-481\" src=\"https:\/\/mayeambalaj.com\/wp-content\/uploads\/2023\/08\/kraft-baskili-logolu-canta-mayeambalaj.com--400x400.jpg\" alt=\"\" width=\"400\" height=\"400\" srcset=\"https:\/\/mayeambalaj.com\/wp-content\/uploads\/2023\/08\/kraft-baskili-logolu-canta-mayeambalaj.com--400x400.jpg 400w, https:\/\/mayeambalaj.com\/wp-content\/uploads\/2023\/08\/kraft-baskili-logolu-canta-mayeambalaj.com--800x800.jpg 800w, https:\/\/mayeambalaj.com\/wp-content\/uploads\/2023\/08\/kraft-baskili-logolu-canta-mayeambalaj.com--280x280.jpg 280w, https:\/\/mayeambalaj.com\/wp-content\/uploads\/2023\/08\/kraft-baskili-logolu-canta-mayeambalaj.com--768x768.jpg 768w, https:\/\/mayeambalaj.com\/wp-content\/uploads\/2023\/08\/kraft-baskili-logolu-canta-mayeambalaj.com--12x12.jpg 12w, https:\/\/mayeambalaj.com\/wp-content\/uploads\/2023\/08\/kraft-baskili-logolu-canta-mayeambalaj.com--300x300.jpg 300w, https:\/\/mayeambalaj.com\/wp-content\/uploads\/2023\/08\/kraft-baskili-logolu-canta-mayeambalaj.com--600x600.jpg 600w, https:\/\/mayeambalaj.com\/wp-content\/uploads\/2023\/08\/kraft-baskili-logolu-canta-mayeambalaj.com--100x100.jpg 100w, https:\/\/mayeambalaj.com\/wp-content\/uploads\/2023\/08\/kraft-baskili-logolu-canta-mayeambalaj.com-.jpg 1080w\" sizes=\"(max-width: 400px) 100vw, 400px\" \/><\/p>","protected":false},"excerpt":{"rendered":"<p><span style=\"color: #003300;\"><strong>Kraft \u00c7anta 250 Adet (25x12x31)\u00a0<\/strong><\/span><\/p>\n<p><strong>B\u00fck\u00fcm sapl\u0131 kraft renkli ka\u011f\u0131t \u00e7anta<\/strong><\/p>\n<p><strong>Ka\u011f\u0131t \u00e7antan\u0131n ortalama \u00f6l\u00e7\u00fcleri 25x12x31 cm.&#8217;dir.<\/strong><\/p>","protected":false},"featured_media":480,"comment_status":"open","ping_status":"closed","template":"","meta":[],"product_cat":[73],"product_tag":[77,115,94,114,116,95,113,79,89,93,92,85],"_links":{"self":[{"href":"https:\/\/mayeambalaj.com\/en\/wp-json\/wp\/v2\/product\/479"}],"collection":[{"href":"https:\/\/mayeambalaj.com\/en\/wp-json\/wp\/v2\/product"}],"about":[{"href":"https:\/\/mayeambalaj.com\/en\/wp-json\/wp\/v2\/types\/product"}],"replies":[{"embeddable":true,"href":"https:\/\/mayeambalaj.com\/en\/wp-json\/wp\/v2\/comments?post=479"}],"wp:featuredmedia":[{"embeddable":true,"href":"https:\/\/mayeambalaj.com\/en\/wp-json\/wp\/v2\/media\/480"}],"wp:attachment":[{"href":"https:\/\/mayeambalaj.com\/en\/wp-json\/wp\/v2\/media?parent=479"}],"wp:term":[{"taxonomy":"product_cat","embeddable":true,"href":"https:\/\/mayeambalaj.com\/en\/wp-json\/wp\/v2\/product_cat?post=479"},{"taxonomy":"product_tag","embeddable":true,"href":"https:\/\/mayeambalaj.com\/en\/wp-json\/wp\/v2\/product_tag?post=479"}],"curies":[{"name":"wp","href":"https:\/\/api.w.org\/{rel}","templated":true}]}}