{"id":485,"date":"2023-08-21T06:28:50","date_gmt":"2023-08-21T06:28:50","guid":{"rendered":"https:\/\/mayeambalaj.com\/?post_type=product&#038;p=485"},"modified":"2023-08-21T06:28:50","modified_gmt":"2023-08-21T06:28:50","slug":"4oz-tek-duvarli-karton-bardak","status":"publish","type":"product","link":"https:\/\/mayeambalaj.com\/en\/magaza\/4oz-tek-duvarli-karton-bardak\/","title":{"rendered":"4oz Tek Duvarl\u0131 Karton Bardak"},"content":{"rendered":"<p><span style=\"color: #003300;\"><strong>4oz Single Wall Karton Bardak\u00a0<\/strong><\/span><\/p>\n<p><strong>Karton bardak \u00fcr\u00fcn\u00fcm\u00fcz 4 oz \u00f6l\u00e7\u00fcs\u00fcndedir.<\/strong><\/p>\n<p><strong>Yakla\u015f\u0131k 100 ml kapasiteye sahip .<\/strong><\/p>\n<p><strong>Genellikle s\u0131cak i\u00e7eceklerin t\u00fcketimi i\u00e7in tercih edilmektedir.<\/strong><\/p>\n<p><img decoding=\"async\" loading=\"lazy\" class=\"alignnone size-medium wp-image-490\" src=\"https:\/\/mayeambalaj.com\/wp-content\/uploads\/2023\/08\/4oz-single-wall-baskili-karton-bardak-paper-cups-mayeambalaj.com--400x400.jpg\" alt=\"\" width=\"400\" height=\"400\" srcset=\"https:\/\/mayeambalaj.com\/wp-content\/uploads\/2023\/08\/4oz-single-wall-baskili-karton-bardak-paper-cups-mayeambalaj.com--400x400.jpg 400w, https:\/\/mayeambalaj.com\/wp-content\/uploads\/2023\/08\/4oz-single-wall-baskili-karton-bardak-paper-cups-mayeambalaj.com--800x800.jpg 800w, https:\/\/mayeambalaj.com\/wp-content\/uploads\/2023\/08\/4oz-single-wall-baskili-karton-bardak-paper-cups-mayeambalaj.com--280x280.jpg 280w, https:\/\/mayeambalaj.com\/wp-content\/uploads\/2023\/08\/4oz-single-wall-baskili-karton-bardak-paper-cups-mayeambalaj.com--768x768.jpg 768w, https:\/\/mayeambalaj.com\/wp-content\/uploads\/2023\/08\/4oz-single-wall-baskili-karton-bardak-paper-cups-mayeambalaj.com--12x12.jpg 12w, https:\/\/mayeambalaj.com\/wp-content\/uploads\/2023\/08\/4oz-single-wall-baskili-karton-bardak-paper-cups-mayeambalaj.com--300x300.jpg 300w, https:\/\/mayeambalaj.com\/wp-content\/uploads\/2023\/08\/4oz-single-wall-baskili-karton-bardak-paper-cups-mayeambalaj.com--600x600.jpg 600w, https:\/\/mayeambalaj.com\/wp-content\/uploads\/2023\/08\/4oz-single-wall-baskili-karton-bardak-paper-cups-mayeambalaj.com--100x100.jpg 100w, https:\/\/mayeambalaj.com\/wp-content\/uploads\/2023\/08\/4oz-single-wall-baskili-karton-bardak-paper-cups-mayeambalaj.com-.jpg 1080w\" sizes=\"(max-width: 400px) 100vw, 400px\" \/><\/p>\n<p><strong>T\u00fcrk kahvesi, espresso, \u00e7ay ya da sahlep gibi s\u0131cak i\u00e7ecekler i\u00e7in tercih edilebilen ideal ebata sahiptir.<\/strong><\/p>\n<p><strong>Y\u00fcksek kalitede ve s\u0131zd\u0131rmazl\u0131k garantisi sunan malzemeden \u00fcretilmektedir.<\/strong><\/p>\n<p><strong>Kokusuz ve sa\u011fl\u0131kl\u0131 bir kullan\u0131m sunmakla birlikte geri d\u00f6n\u00fc\u015ft\u00fcr\u00fclebilir \u00f6zelli\u011fi ile do\u011fa dostudur.<\/strong><\/p>\n<p><img decoding=\"async\" loading=\"lazy\" class=\"alignnone size-medium wp-image-489\" src=\"https:\/\/mayeambalaj.com\/wp-content\/uploads\/2023\/08\/4oz-paper-cups-baskili-tek-duvarli-mayeambalaj.com--400x400.jpg\" alt=\"\" width=\"400\" height=\"400\" srcset=\"https:\/\/mayeambalaj.com\/wp-content\/uploads\/2023\/08\/4oz-paper-cups-baskili-tek-duvarli-mayeambalaj.com--400x400.jpg 400w, https:\/\/mayeambalaj.com\/wp-content\/uploads\/2023\/08\/4oz-paper-cups-baskili-tek-duvarli-mayeambalaj.com--800x800.jpg 800w, https:\/\/mayeambalaj.com\/wp-content\/uploads\/2023\/08\/4oz-paper-cups-baskili-tek-duvarli-mayeambalaj.com--280x280.jpg 280w, https:\/\/mayeambalaj.com\/wp-content\/uploads\/2023\/08\/4oz-paper-cups-baskili-tek-duvarli-mayeambalaj.com--768x768.jpg 768w, https:\/\/mayeambalaj.com\/wp-content\/uploads\/2023\/08\/4oz-paper-cups-baskili-tek-duvarli-mayeambalaj.com--12x12.jpg 12w, https:\/\/mayeambalaj.com\/wp-content\/uploads\/2023\/08\/4oz-paper-cups-baskili-tek-duvarli-mayeambalaj.com--300x300.jpg 300w, https:\/\/mayeambalaj.com\/wp-content\/uploads\/2023\/08\/4oz-paper-cups-baskili-tek-duvarli-mayeambalaj.com--600x600.jpg 600w, https:\/\/mayeambalaj.com\/wp-content\/uploads\/2023\/08\/4oz-paper-cups-baskili-tek-duvarli-mayeambalaj.com--100x100.jpg 100w, https:\/\/mayeambalaj.com\/wp-content\/uploads\/2023\/08\/4oz-paper-cups-baskili-tek-duvarli-mayeambalaj.com-.jpg 1080w\" sizes=\"(max-width: 400px) 100vw, 400px\" \/><\/p>\n<p><strong>Minimum 1.000 adet sipari\u015f verebilece\u011finiz \u00fcr\u00fcn\u00fcm\u00fcz\u00fcn yan\u0131 s\u0131ra karton bardak ta\u015f\u0131y\u0131c\u0131 ve kapak modellerini web adresimizden inceleyebilirsiniz.<\/strong><\/p>","protected":false},"excerpt":{"rendered":"<p><strong>4oz Single Wall Karton Bardak\u00a0<\/strong><\/p>\n<p><strong>Karton bardak \u00fcr\u00fcn\u00fcm\u00fcz 4 oz \u00f6l\u00e7\u00fcs\u00fcndedir.<\/strong><\/p>","protected":false},"featured_media":486,"comment_status":"open","ping_status":"closed","template":"","meta":[],"product_cat":[111],"product_tag":[117,100,102,77,94,104,105,120,118,79,89,119,93,121,92,122,85],"_links":{"self":[{"href":"https:\/\/mayeambalaj.com\/en\/wp-json\/wp\/v2\/product\/485"}],"collection":[{"href":"https:\/\/mayeambalaj.com\/en\/wp-json\/wp\/v2\/product"}],"about":[{"href":"https:\/\/mayeambalaj.com\/en\/wp-json\/wp\/v2\/types\/product"}],"replies":[{"embeddable":true,"href":"https:\/\/mayeambalaj.com\/en\/wp-json\/wp\/v2\/comments?post=485"}],"wp:featuredmedia":[{"embeddable":true,"href":"https:\/\/mayeambalaj.com\/en\/wp-json\/wp\/v2\/media\/486"}],"wp:attachment":[{"href":"https:\/\/mayeambalaj.com\/en\/wp-json\/wp\/v2\/media?parent=485"}],"wp:term":[{"taxonomy":"product_cat","embeddable":true,"href":"https:\/\/mayeambalaj.com\/en\/wp-json\/wp\/v2\/product_cat?post=485"},{"taxonomy":"product_tag","embeddable":true,"href":"https:\/\/mayeambalaj.com\/en\/wp-json\/wp\/v2\/product_tag?post=485"}],"curies":[{"name":"wp","href":"https:\/\/api.w.org\/{rel}","templated":true}]}}