{"id":493,"date":"2023-08-21T08:19:07","date_gmt":"2023-08-21T08:19:07","guid":{"rendered":"https:\/\/mayeambalaj.com\/?post_type=product&#038;p=493"},"modified":"2023-08-21T08:19:08","modified_gmt":"2023-08-21T08:19:08","slug":"4oz-cift-duvarli-karton-bardak","status":"publish","type":"product","link":"https:\/\/mayeambalaj.com\/en\/magaza\/4oz-cift-duvarli-karton-bardak\/","title":{"rendered":"4oz \u00c7ift Duvarl\u0131 Karton Bardak"},"content":{"rendered":"<p><span style=\"color: #003300;\"><strong>4oz Double Wall Karton Bardak\u00a0<\/strong><\/span><\/p>\n<p><strong>Double wall olarak karton bardak \u00fcr\u00fcn\u00fcm\u00fcz 4 oz \u00f6l\u00e7\u00fcs\u00fcndedir.<\/strong><\/p>\n<p><strong>Yakla\u015f\u0131k 100 ml kapasiteye sahip olup 6 cm uzunlu\u011fundad\u0131r.<\/strong><\/p>\n<p><strong>Genellikle s\u0131cak i\u00e7eceklerin t\u00fcketimi i\u00e7in tercih edilmektedir.<\/strong><\/p>\n<p><strong>T\u00fcrk kahvesi, espresso, \u00e7ay ya da sahlep gibi s\u0131cak i\u00e7ecekler i\u00e7in tercih edilebilen ideal ebata sahiptir.<\/strong><\/p>\n<p><strong>\u00c7ift duvarl\u0131 yap\u0131s\u0131yla s\u0131cakl\u0131\u011f\u0131 hissetirmeden konforlu bir \u015fekilde ta\u015f\u0131ma sa\u011flar.<\/strong><\/p>\n<p><strong>Modelimizi firman\u0131za \u00f6zel bask\u0131 se\u00e7enekleri ile sipari\u015f verebilmeniz m\u00fcmk\u00fcn.<\/strong><\/p>\n<p><strong>Y\u00fcksek kalitede ve s\u0131zd\u0131rmazl\u0131k garantisi sunan malzemeden \u00fcretilmektedir.<\/strong><\/p>\n<p><strong>Kokusuz ve sa\u011fl\u0131kl\u0131 bir kullan\u0131m sunmakla birlikte geri d\u00f6n\u00fc\u015ft\u00fcr\u00fclebilir \u00f6zelli\u011fi ile do\u011fa dostudur.<\/strong><\/p>\n<p><strong>Minimum 1.000 adet sipari\u015f verebilece\u011finiz DW karton bardak \u00fcr\u00fcn\u00fcm\u00fcz\u00fcn yan\u0131 s\u0131ra karton bardak ta\u015f\u0131y\u0131c\u0131 ve kapak modellerini web adresimizden inceleyebilirsiniz.<\/strong><\/p>","protected":false},"excerpt":{"rendered":"<p><span style=\"color: #003300;\"><strong>4oz Double Wall Karton Bardak\u00a0<\/strong><\/span><\/p>\n<p><strong>Double wall olarak karton bardak \u00fcr\u00fcn\u00fcm\u00fcz 4 oz \u00f6l\u00e7\u00fcs\u00fcndedir.<\/strong><\/p>\n<p>&nbsp;<\/p>","protected":false},"featured_media":494,"comment_status":"open","ping_status":"closed","template":"","meta":[],"product_cat":[112],"product_tag":[117,100,102,77,94,124,104,105,123,120,118,79,119,93,121,122],"_links":{"self":[{"href":"https:\/\/mayeambalaj.com\/en\/wp-json\/wp\/v2\/product\/493"}],"collection":[{"href":"https:\/\/mayeambalaj.com\/en\/wp-json\/wp\/v2\/product"}],"about":[{"href":"https:\/\/mayeambalaj.com\/en\/wp-json\/wp\/v2\/types\/product"}],"replies":[{"embeddable":true,"href":"https:\/\/mayeambalaj.com\/en\/wp-json\/wp\/v2\/comments?post=493"}],"wp:featuredmedia":[{"embeddable":true,"href":"https:\/\/mayeambalaj.com\/en\/wp-json\/wp\/v2\/media\/494"}],"wp:attachment":[{"href":"https:\/\/mayeambalaj.com\/en\/wp-json\/wp\/v2\/media?parent=493"}],"wp:term":[{"taxonomy":"product_cat","embeddable":true,"href":"https:\/\/mayeambalaj.com\/en\/wp-json\/wp\/v2\/product_cat?post=493"},{"taxonomy":"product_tag","embeddable":true,"href":"https:\/\/mayeambalaj.com\/en\/wp-json\/wp\/v2\/product_tag?post=493"}],"curies":[{"name":"wp","href":"https:\/\/api.w.org\/{rel}","templated":true}]}}