{"id":496,"date":"2023-09-01T07:00:05","date_gmt":"2023-09-01T07:00:05","guid":{"rendered":"https:\/\/mayeambalaj.com\/?post_type=product&#038;p=496"},"modified":"2023-09-01T07:00:06","modified_gmt":"2023-09-01T07:00:06","slug":"7oz-tek-duvarli-karton-bardaklar","status":"publish","type":"product","link":"https:\/\/mayeambalaj.com\/en\/magaza\/7oz-tek-duvarli-karton-bardaklar\/","title":{"rendered":"7oz Tek Duvarl\u0131 Karton Bardaklar"},"content":{"rendered":"<p><strong>7oz Haz\u0131r Desen Karton Bardaklar<\/strong><\/p>\n<p><strong>7 oz karton bardak, 150-175 ml aras\u0131nda kapasiteye sahiptir.<\/strong><\/p>\n<p><strong>Ofislerde, kafelerde, evinizde, seyahatlerde, piknik ve kamplarda tercih edebilirsiniz.\u00a0<\/strong><\/p>\n<p><strong>S\u0131cak ve so\u011fuk t\u00fcm i\u00e7eceklerin t\u00fcketiminde kullan\u0131lmaya uygundur.<\/strong><\/p>\n<p><img decoding=\"async\" loading=\"lazy\" class=\"alignnone size-medium wp-image-499\" src=\"https:\/\/mayeambalaj.com\/wp-content\/uploads\/2023\/09\/7oz-tek-duvarli-hazir-desen-karton-bardak-mayeambalaj.com--400x400.jpg\" alt=\"\" width=\"400\" height=\"400\" srcset=\"https:\/\/mayeambalaj.com\/wp-content\/uploads\/2023\/09\/7oz-tek-duvarli-hazir-desen-karton-bardak-mayeambalaj.com--400x400.jpg 400w, https:\/\/mayeambalaj.com\/wp-content\/uploads\/2023\/09\/7oz-tek-duvarli-hazir-desen-karton-bardak-mayeambalaj.com--800x800.jpg 800w, https:\/\/mayeambalaj.com\/wp-content\/uploads\/2023\/09\/7oz-tek-duvarli-hazir-desen-karton-bardak-mayeambalaj.com--280x280.jpg 280w, https:\/\/mayeambalaj.com\/wp-content\/uploads\/2023\/09\/7oz-tek-duvarli-hazir-desen-karton-bardak-mayeambalaj.com--768x768.jpg 768w, https:\/\/mayeambalaj.com\/wp-content\/uploads\/2023\/09\/7oz-tek-duvarli-hazir-desen-karton-bardak-mayeambalaj.com--12x12.jpg 12w, https:\/\/mayeambalaj.com\/wp-content\/uploads\/2023\/09\/7oz-tek-duvarli-hazir-desen-karton-bardak-mayeambalaj.com--300x300.jpg 300w, https:\/\/mayeambalaj.com\/wp-content\/uploads\/2023\/09\/7oz-tek-duvarli-hazir-desen-karton-bardak-mayeambalaj.com--600x600.jpg 600w, https:\/\/mayeambalaj.com\/wp-content\/uploads\/2023\/09\/7oz-tek-duvarli-hazir-desen-karton-bardak-mayeambalaj.com--100x100.jpg 100w, https:\/\/mayeambalaj.com\/wp-content\/uploads\/2023\/09\/7oz-tek-duvarli-hazir-desen-karton-bardak-mayeambalaj.com-.jpg 1080w\" sizes=\"(max-width: 400px) 100vw, 400px\" \/><\/p>\n<p><strong>Y\u00fcksekli\u011fi 9 cm a\u011f\u0131z \u00e7ap\u0131 ise 7 cm\u2019dir.\u00a0<\/strong><\/p>\n<p><strong>\u00dcr\u00fcn\u00fc minimum 1000 adet olarak sipari\u015f verebilirsiniz.<\/strong><\/p>\n<p><strong>Bu \u00fcr\u00fcne uygun karton bardak kapa\u011f\u0131 \u00fcr\u00fcnlerini de sipari\u015fine ekleyebilirsiniz.<\/strong><\/p>","protected":false},"excerpt":{"rendered":"<p><strong>7oz Haz\u0131r Desen Karton Bardaklar<\/strong><\/p>\n<p><strong>Ofislerde, kafelerde, evinizde, seyahatlerde, piknik ve kamplarda tercih edebilirsiniz.\u00a0<\/strong><\/p>\n<p>&nbsp;<\/p>","protected":false},"featured_media":498,"comment_status":"open","ping_status":"closed","template":"","meta":[],"product_cat":[111],"product_tag":[125,100,102,77,98,94,124,104,105,123,120,118,79,89,119,121,80,97,122,85],"_links":{"self":[{"href":"https:\/\/mayeambalaj.com\/en\/wp-json\/wp\/v2\/product\/496"}],"collection":[{"href":"https:\/\/mayeambalaj.com\/en\/wp-json\/wp\/v2\/product"}],"about":[{"href":"https:\/\/mayeambalaj.com\/en\/wp-json\/wp\/v2\/types\/product"}],"replies":[{"embeddable":true,"href":"https:\/\/mayeambalaj.com\/en\/wp-json\/wp\/v2\/comments?post=496"}],"wp:featuredmedia":[{"embeddable":true,"href":"https:\/\/mayeambalaj.com\/en\/wp-json\/wp\/v2\/media\/498"}],"wp:attachment":[{"href":"https:\/\/mayeambalaj.com\/en\/wp-json\/wp\/v2\/media?parent=496"}],"wp:term":[{"taxonomy":"product_cat","embeddable":true,"href":"https:\/\/mayeambalaj.com\/en\/wp-json\/wp\/v2\/product_cat?post=496"},{"taxonomy":"product_tag","embeddable":true,"href":"https:\/\/mayeambalaj.com\/en\/wp-json\/wp\/v2\/product_tag?post=496"}],"curies":[{"name":"wp","href":"https:\/\/api.w.org\/{rel}","templated":true}]}}