{"id":500,"date":"2023-09-01T07:25:09","date_gmt":"2023-09-01T07:25:09","guid":{"rendered":"https:\/\/mayeambalaj.com\/?post_type=product&#038;p=500"},"modified":"2023-09-01T07:25:10","modified_gmt":"2023-09-01T07:25:10","slug":"8oz-cift-duvarli-karton-bardaklar","status":"publish","type":"product","link":"https:\/\/mayeambalaj.com\/en\/magaza\/8oz-cift-duvarli-karton-bardaklar\/","title":{"rendered":"8oz \u00c7ift Duvarl\u0131 Karton Bardaklar"},"content":{"rendered":"<div class=\"detailsTabContainer clearFix\">\n<div class=\"detail-tab\">\n<div class=\"detail-tab-wrap\">\n<div class=\"detail-tab-content accordionDesc\">\n<p><strong>8oz Double Wall Karton Bardaklar<\/strong><\/p>\n<p><strong>8oz \u00f6l\u00e7\u00fcs\u00fcnde \u00fcr\u00fcn\u00fcm\u00fcz 230 ml hacmine sahiptir.\u00a0<\/strong><\/p>\n<p><img decoding=\"async\" loading=\"lazy\" class=\"alignnone size-medium wp-image-502\" src=\"https:\/\/mayeambalaj.com\/wp-content\/uploads\/2023\/09\/8oz-cift-duvarli-double-wall-karton-bardak-mayeambalaj.com--400x400.jpg\" alt=\"\" width=\"400\" height=\"400\" srcset=\"https:\/\/mayeambalaj.com\/wp-content\/uploads\/2023\/09\/8oz-cift-duvarli-double-wall-karton-bardak-mayeambalaj.com--400x400.jpg 400w, https:\/\/mayeambalaj.com\/wp-content\/uploads\/2023\/09\/8oz-cift-duvarli-double-wall-karton-bardak-mayeambalaj.com--800x800.jpg 800w, https:\/\/mayeambalaj.com\/wp-content\/uploads\/2023\/09\/8oz-cift-duvarli-double-wall-karton-bardak-mayeambalaj.com--280x280.jpg 280w, https:\/\/mayeambalaj.com\/wp-content\/uploads\/2023\/09\/8oz-cift-duvarli-double-wall-karton-bardak-mayeambalaj.com--768x768.jpg 768w, https:\/\/mayeambalaj.com\/wp-content\/uploads\/2023\/09\/8oz-cift-duvarli-double-wall-karton-bardak-mayeambalaj.com--12x12.jpg 12w, https:\/\/mayeambalaj.com\/wp-content\/uploads\/2023\/09\/8oz-cift-duvarli-double-wall-karton-bardak-mayeambalaj.com--300x300.jpg 300w, https:\/\/mayeambalaj.com\/wp-content\/uploads\/2023\/09\/8oz-cift-duvarli-double-wall-karton-bardak-mayeambalaj.com--600x600.jpg 600w, https:\/\/mayeambalaj.com\/wp-content\/uploads\/2023\/09\/8oz-cift-duvarli-double-wall-karton-bardak-mayeambalaj.com--100x100.jpg 100w, https:\/\/mayeambalaj.com\/wp-content\/uploads\/2023\/09\/8oz-cift-duvarli-double-wall-karton-bardak-mayeambalaj.com-.jpg 1080w\" sizes=\"(max-width: 400px) 100vw, 400px\" \/><\/p>\n<p><strong>\u00dcr\u00fcn\u00fcn i\u00e7 k\u0131sm\u0131 beyaz olup d\u0131\u015f tasar\u0131m\u0131nda ister d\u00fcz beyaz isterseniz haz\u0131r tasar\u0131mlar kullanabilirsiniz.\u00a0<\/strong><\/p>\n<p><strong>\u00dcr\u00fcn\u00fc markan\u0131za ait logo, tasar\u0131mlar ile de tercih edebilirsiniz.<\/strong><\/p>\n<p><strong>\u00dcretimi double wall olup dilerseniz sitemizde ayn\u0131 \u00f6l\u00e7\u00fcy\u00fc tek duvarl\u0131 ka\u011f\u0131t bardak i\u00e7in de se\u00e7ebilirsiniz.<\/strong><\/p>\n<p><strong>S\u0131cak ve so\u011fuk t\u00fcm i\u00e7eceklerde kullan\u0131ma uygundur.<\/strong><\/p>\n<p><img decoding=\"async\" loading=\"lazy\" class=\"alignnone size-medium wp-image-503\" src=\"https:\/\/mayeambalaj.com\/wp-content\/uploads\/2023\/09\/8oz-double-wall-baskili-bardak-karton-paper-mayeambalaj.com--400x400.jpg\" alt=\"\" width=\"400\" height=\"400\" srcset=\"https:\/\/mayeambalaj.com\/wp-content\/uploads\/2023\/09\/8oz-double-wall-baskili-bardak-karton-paper-mayeambalaj.com--400x400.jpg 400w, https:\/\/mayeambalaj.com\/wp-content\/uploads\/2023\/09\/8oz-double-wall-baskili-bardak-karton-paper-mayeambalaj.com--800x800.jpg 800w, https:\/\/mayeambalaj.com\/wp-content\/uploads\/2023\/09\/8oz-double-wall-baskili-bardak-karton-paper-mayeambalaj.com--280x280.jpg 280w, https:\/\/mayeambalaj.com\/wp-content\/uploads\/2023\/09\/8oz-double-wall-baskili-bardak-karton-paper-mayeambalaj.com--768x768.jpg 768w, https:\/\/mayeambalaj.com\/wp-content\/uploads\/2023\/09\/8oz-double-wall-baskili-bardak-karton-paper-mayeambalaj.com--12x12.jpg 12w, https:\/\/mayeambalaj.com\/wp-content\/uploads\/2023\/09\/8oz-double-wall-baskili-bardak-karton-paper-mayeambalaj.com--300x300.jpg 300w, https:\/\/mayeambalaj.com\/wp-content\/uploads\/2023\/09\/8oz-double-wall-baskili-bardak-karton-paper-mayeambalaj.com--600x600.jpg 600w, https:\/\/mayeambalaj.com\/wp-content\/uploads\/2023\/09\/8oz-double-wall-baskili-bardak-karton-paper-mayeambalaj.com--100x100.jpg 100w, https:\/\/mayeambalaj.com\/wp-content\/uploads\/2023\/09\/8oz-double-wall-baskili-bardak-karton-paper-mayeambalaj.com-.jpg 1080w\" sizes=\"(max-width: 400px) 100vw, 400px\" \/><\/p>\n<p><strong>\u00dcretimi en kaliteli ka\u011f\u0131t materyalleriyle yap\u0131lmaktad\u0131r. Kokusuz ve sa\u011fl\u0131kl\u0131 bir kullan\u0131m sunar.<\/strong><\/p>\n<p><strong>\u00dcr\u00fcn\u00fc minimum 1000 adet olarak sipari\u015f verebilirsiniz.<\/strong><\/p>\n<p><strong>Birlikte tercih etmek isteyece\u011finiz karton bardak ta\u015f\u0131y\u0131c\u0131 ve kapak \u00e7e\u015fitlerine de sitemizden ula\u015fabilirsiniz.<\/strong><\/p>\n<div class=\"clearFix\"><\/div>\n<\/div>\n<\/div>\n<\/div>\n<\/div>\n<div class=\"clearFix\"><\/div>\n<div class=\"moduleContent clearFix\">\n<div class=\"new-product-content wrapper\">\n<div class=\"nw-prdct-title\"><\/div>\n<\/div>\n<\/div>","protected":false},"excerpt":{"rendered":"<p><strong>8oz Double Wall Karton Bardaklar<\/strong><\/p>\n<p><strong>8oz \u00f6l\u00e7\u00fcs\u00fcnde \u00fcr\u00fcn\u00fcm\u00fcz 230 ml hacmine sahiptir.\u00a0<\/strong><\/p>","protected":false},"featured_media":501,"comment_status":"open","ping_status":"closed","template":"","meta":[],"product_cat":[112],"product_tag":[108,127,126,100,102,77,94,104,105,123,120,118,79,89,119,121,80,85],"_links":{"self":[{"href":"https:\/\/mayeambalaj.com\/en\/wp-json\/wp\/v2\/product\/500"}],"collection":[{"href":"https:\/\/mayeambalaj.com\/en\/wp-json\/wp\/v2\/product"}],"about":[{"href":"https:\/\/mayeambalaj.com\/en\/wp-json\/wp\/v2\/types\/product"}],"replies":[{"embeddable":true,"href":"https:\/\/mayeambalaj.com\/en\/wp-json\/wp\/v2\/comments?post=500"}],"wp:featuredmedia":[{"embeddable":true,"href":"https:\/\/mayeambalaj.com\/en\/wp-json\/wp\/v2\/media\/501"}],"wp:attachment":[{"href":"https:\/\/mayeambalaj.com\/en\/wp-json\/wp\/v2\/media?parent=500"}],"wp:term":[{"taxonomy":"product_cat","embeddable":true,"href":"https:\/\/mayeambalaj.com\/en\/wp-json\/wp\/v2\/product_cat?post=500"},{"taxonomy":"product_tag","embeddable":true,"href":"https:\/\/mayeambalaj.com\/en\/wp-json\/wp\/v2\/product_tag?post=500"}],"curies":[{"name":"wp","href":"https:\/\/api.w.org\/{rel}","templated":true}]}}