{"id":510,"date":"2023-09-05T11:43:11","date_gmt":"2023-09-05T11:43:11","guid":{"rendered":"https:\/\/mayeambalaj.com\/?post_type=product&#038;p=510"},"modified":"2024-07-09T12:44:02","modified_gmt":"2024-07-09T12:44:02","slug":"14oz-cift-duvarli-karton-bardaklar","status":"publish","type":"product","link":"https:\/\/mayeambalaj.com\/en\/magaza\/14oz-cift-duvarli-karton-bardaklar\/","title":{"rendered":"14oz \u00c7ift Duvarl\u0131 Karton Bardaklar"},"content":{"rendered":"<p><strong>14oz Double Wall <\/strong><strong>Karton Bardaklar<\/strong><\/p>\n<p><strong>14oz karton barda\u011f\u0131n \u00f6l\u00e7\u00fcs\u00fc 400 ml\u2019dir.<\/strong><\/p>\n<p><strong>\u00dcr\u00fcn\u00fc s\u0131cak ve so\u011fuk i\u00e7eceklerde kullanabilirsiniz. Double Wall (\u00e7ift duvarl\u0131) \u00f6zelli\u011findedir. S\u0131cakl\u0131\u011f\u0131 ve so\u011fuklu\u011fun hissedilmesini engeller.<\/strong><\/p>\n<p><img decoding=\"async\" loading=\"lazy\" class=\"alignnone size-medium wp-image-503\" src=\"https:\/\/mayeambalaj.com\/wp-content\/uploads\/2023\/09\/8oz-double-wall-baskili-bardak-karton-paper-mayeambalaj.com--400x400.jpg\" alt=\"\" width=\"400\" height=\"400\" srcset=\"https:\/\/mayeambalaj.com\/wp-content\/uploads\/2023\/09\/8oz-double-wall-baskili-bardak-karton-paper-mayeambalaj.com--400x400.jpg 400w, https:\/\/mayeambalaj.com\/wp-content\/uploads\/2023\/09\/8oz-double-wall-baskili-bardak-karton-paper-mayeambalaj.com--800x800.jpg 800w, https:\/\/mayeambalaj.com\/wp-content\/uploads\/2023\/09\/8oz-double-wall-baskili-bardak-karton-paper-mayeambalaj.com--280x280.jpg 280w, https:\/\/mayeambalaj.com\/wp-content\/uploads\/2023\/09\/8oz-double-wall-baskili-bardak-karton-paper-mayeambalaj.com--768x768.jpg 768w, https:\/\/mayeambalaj.com\/wp-content\/uploads\/2023\/09\/8oz-double-wall-baskili-bardak-karton-paper-mayeambalaj.com--12x12.jpg 12w, https:\/\/mayeambalaj.com\/wp-content\/uploads\/2023\/09\/8oz-double-wall-baskili-bardak-karton-paper-mayeambalaj.com--300x300.jpg 300w, https:\/\/mayeambalaj.com\/wp-content\/uploads\/2023\/09\/8oz-double-wall-baskili-bardak-karton-paper-mayeambalaj.com--600x600.jpg 600w, https:\/\/mayeambalaj.com\/wp-content\/uploads\/2023\/09\/8oz-double-wall-baskili-bardak-karton-paper-mayeambalaj.com--100x100.jpg 100w, https:\/\/mayeambalaj.com\/wp-content\/uploads\/2023\/09\/8oz-double-wall-baskili-bardak-karton-paper-mayeambalaj.com-.jpg 1080w\" sizes=\"(max-width: 400px) 100vw, 400px\" \/><\/p>\n<p><strong>\u00dcr\u00fcnle birlikte kullan\u0131m uygun karton bardak kapa\u011f\u0131\u00a0da sitemizde mevcuttur.<\/strong><\/p>\n<p><strong>\u00dcr\u00fcn\u00fcn i\u00e7 k\u0131sm\u0131 beyazd\u0131r. Tasar\u0131m\u0131nda beyaz, haz\u0131r tasar\u0131m veya markan\u0131za \u00f6zel tercih etmek isteyece\u011finiz \u00f6zel tasar\u0131m se\u00e7eneklerini kullanabilirsiniz.\u00a0<\/strong><\/p>\n<p><strong>\u00dcretiminde koku yaratmayacak materyaller tercih edilir. Sa\u011fl\u0131kl\u0131 ve geri d\u00f6n\u00fc\u015f\u00fcme uygun bir \u00fcr\u00fcnd\u00fcr.\u00a0<\/strong><\/p>\n<p><strong>\u00dcr\u00fcn\u00fc d\u00fcz beyaz olarak ya da haz\u0131r veya \u00f6zel tasar\u0131ml\u0131 olarak tercih edebilirsiniz. \u00d6zel tasar\u0131m i\u00e7in uygun formattaki tasar\u0131m dosyas\u0131n\u0131 firmam\u0131za iletmeniz gerekecektir.\u00a0<\/strong><\/p>\n<p><strong>Minimum sipari\u015f adedi 500\u2019dir.<\/strong><\/p>\n<p><strong>\u00dcr\u00fcne uygun olarak karton bardak ta\u015f\u0131y\u0131c\u0131 ve\u00a0karton pipet \u00fcr\u00fcnlerini de sitemizden inceleyebilirsiniz.\u00a0<\/strong><\/p>","protected":false},"excerpt":{"rendered":"<p><strong>14oz Double Wall <\/strong><strong>Karton Bardaklar<\/strong><\/p>\n<p><strong>14oz karton barda\u011f\u0131n \u00f6l\u00e7\u00fcs\u00fc 400 ml\u2019dir.<\/strong><\/p>","protected":false},"featured_media":514,"comment_status":"open","ping_status":"closed","template":"","meta":[],"product_cat":[112],"product_tag":[108,127,106,100,102,77,94,124,104,105,123,120,118,79,89,119,101,93,80,92,122,85],"_links":{"self":[{"href":"https:\/\/mayeambalaj.com\/en\/wp-json\/wp\/v2\/product\/510"}],"collection":[{"href":"https:\/\/mayeambalaj.com\/en\/wp-json\/wp\/v2\/product"}],"about":[{"href":"https:\/\/mayeambalaj.com\/en\/wp-json\/wp\/v2\/types\/product"}],"replies":[{"embeddable":true,"href":"https:\/\/mayeambalaj.com\/en\/wp-json\/wp\/v2\/comments?post=510"}],"wp:featuredmedia":[{"embeddable":true,"href":"https:\/\/mayeambalaj.com\/en\/wp-json\/wp\/v2\/media\/514"}],"wp:attachment":[{"href":"https:\/\/mayeambalaj.com\/en\/wp-json\/wp\/v2\/media?parent=510"}],"wp:term":[{"taxonomy":"product_cat","embeddable":true,"href":"https:\/\/mayeambalaj.com\/en\/wp-json\/wp\/v2\/product_cat?post=510"},{"taxonomy":"product_tag","embeddable":true,"href":"https:\/\/mayeambalaj.com\/en\/wp-json\/wp\/v2\/product_tag?post=510"}],"curies":[{"name":"wp","href":"https:\/\/api.w.org\/{rel}","templated":true}]}}