{"id":515,"date":"2023-09-05T12:03:09","date_gmt":"2023-09-05T12:03:09","guid":{"rendered":"https:\/\/mayeambalaj.com\/?post_type=product&#038;p=515"},"modified":"2023-09-05T12:03:09","modified_gmt":"2023-09-05T12:03:09","slug":"14oz-tek-duvarli-karton-bardaklar","status":"publish","type":"product","link":"https:\/\/mayeambalaj.com\/en\/magaza\/14oz-tek-duvarli-karton-bardaklar\/","title":{"rendered":"14oz Tek Duvarl\u0131 Karton Bardaklar"},"content":{"rendered":"<p><strong>14oz Single Wall Karton Bardaklar<\/strong><\/p>\n<p><strong>\u00dcr\u00fcn 14oz \u00f6l\u00e7\u00fcs\u00fcnde olup, 300-330 ml aras\u0131nda kapasiteye sahiptir.<\/strong><\/p>\n<p><img decoding=\"async\" loading=\"lazy\" class=\"alignnone size-medium wp-image-511\" src=\"https:\/\/mayeambalaj.com\/wp-content\/uploads\/2023\/09\/8oz-tek-duvarli-karton-bardak-mayeambalaj.com--400x400.jpg\" alt=\"\" width=\"400\" height=\"400\" srcset=\"https:\/\/mayeambalaj.com\/wp-content\/uploads\/2023\/09\/8oz-tek-duvarli-karton-bardak-mayeambalaj.com--400x400.jpg 400w, https:\/\/mayeambalaj.com\/wp-content\/uploads\/2023\/09\/8oz-tek-duvarli-karton-bardak-mayeambalaj.com--800x800.jpg 800w, https:\/\/mayeambalaj.com\/wp-content\/uploads\/2023\/09\/8oz-tek-duvarli-karton-bardak-mayeambalaj.com--280x280.jpg 280w, https:\/\/mayeambalaj.com\/wp-content\/uploads\/2023\/09\/8oz-tek-duvarli-karton-bardak-mayeambalaj.com--768x768.jpg 768w, https:\/\/mayeambalaj.com\/wp-content\/uploads\/2023\/09\/8oz-tek-duvarli-karton-bardak-mayeambalaj.com--12x12.jpg 12w, https:\/\/mayeambalaj.com\/wp-content\/uploads\/2023\/09\/8oz-tek-duvarli-karton-bardak-mayeambalaj.com--300x300.jpg 300w, https:\/\/mayeambalaj.com\/wp-content\/uploads\/2023\/09\/8oz-tek-duvarli-karton-bardak-mayeambalaj.com--600x600.jpg 600w, https:\/\/mayeambalaj.com\/wp-content\/uploads\/2023\/09\/8oz-tek-duvarli-karton-bardak-mayeambalaj.com--100x100.jpg 100w, https:\/\/mayeambalaj.com\/wp-content\/uploads\/2023\/09\/8oz-tek-duvarli-karton-bardak-mayeambalaj.com-.jpg 1080w\" sizes=\"(max-width: 400px) 100vw, 400px\" \/><\/p>\n<p><strong>S\u0131cak kahve \u00e7e\u015fitleri filtre kahve, latte, americano, mocha gibi \u00fcr\u00fcnler ile so\u011fuk i\u00e7ecekler de kullan\u0131labilir.\u00a0<\/strong><\/p>\n<p><strong>S\u0131cak ve so\u011fuk kahve hizmeti veren mekanlarda \u201ctall boy\u201d olarak bilinen se\u00e7enektir.<\/strong><\/p>\n<p><strong>\u00dcr\u00fcn tek duvarl\u0131 karton bardak olup, ayn\u0131 modelin \u00e7ift duvarl\u0131 olan se\u00e7ene\u011fi de tercih edilebilmektedir.\u00a0<\/strong><\/p>\n<p><strong>\u00dcr\u00fcn haz\u0131r tasar\u0131m, sade beyaz olarak ve tasar\u0131ml\u0131 olarak tercih edilebilir.<\/strong><\/p>\n<p><img decoding=\"async\" loading=\"lazy\" class=\"alignnone size-medium wp-image-513\" src=\"https:\/\/mayeambalaj.com\/wp-content\/uploads\/2023\/09\/8oz-single-wall-tek-duvarli-karton-bardak-mayeambalaj.com--400x400.jpg\" alt=\"\" width=\"400\" height=\"400\" srcset=\"https:\/\/mayeambalaj.com\/wp-content\/uploads\/2023\/09\/8oz-single-wall-tek-duvarli-karton-bardak-mayeambalaj.com--400x400.jpg 400w, https:\/\/mayeambalaj.com\/wp-content\/uploads\/2023\/09\/8oz-single-wall-tek-duvarli-karton-bardak-mayeambalaj.com--800x800.jpg 800w, https:\/\/mayeambalaj.com\/wp-content\/uploads\/2023\/09\/8oz-single-wall-tek-duvarli-karton-bardak-mayeambalaj.com--280x280.jpg 280w, https:\/\/mayeambalaj.com\/wp-content\/uploads\/2023\/09\/8oz-single-wall-tek-duvarli-karton-bardak-mayeambalaj.com--768x768.jpg 768w, https:\/\/mayeambalaj.com\/wp-content\/uploads\/2023\/09\/8oz-single-wall-tek-duvarli-karton-bardak-mayeambalaj.com--12x12.jpg 12w, https:\/\/mayeambalaj.com\/wp-content\/uploads\/2023\/09\/8oz-single-wall-tek-duvarli-karton-bardak-mayeambalaj.com--300x300.jpg 300w, https:\/\/mayeambalaj.com\/wp-content\/uploads\/2023\/09\/8oz-single-wall-tek-duvarli-karton-bardak-mayeambalaj.com--600x600.jpg 600w, https:\/\/mayeambalaj.com\/wp-content\/uploads\/2023\/09\/8oz-single-wall-tek-duvarli-karton-bardak-mayeambalaj.com--100x100.jpg 100w, https:\/\/mayeambalaj.com\/wp-content\/uploads\/2023\/09\/8oz-single-wall-tek-duvarli-karton-bardak-mayeambalaj.com-.jpg 1080w\" sizes=\"(max-width: 400px) 100vw, 400px\" \/><\/p>\n<p><strong>Firman\u0131z i\u00e7in belirleyece\u011finiz tasar\u0131m ve haz\u0131r tasar\u0131m i\u00e7in de minimum sipari\u015f adedi 1000\u2019dir.<\/strong><\/p>\n<p><strong>\u00dcr\u00fcne uygun bardak kapa\u011f\u0131 ve karton bardak ta\u015f\u0131y\u0131c\u0131 da bulunmaktad\u0131r. \u00dcr\u00fcnle birlikte sipari\u015f verebilirsiniz.\u00a0<\/strong><\/p>\n<p><strong>\u00dcretiminde kokusuz ka\u011f\u0131t ve kaliteli materyaller tercih edilir. Toptan sipari\u015fleriniz i\u00e7in site \u00fczerinden bizimle irtibata ge\u00e7ebilirsini<\/strong><\/p>","protected":false},"excerpt":{"rendered":"<p><strong>14oz Single Wall Karton Bardaklar<\/strong><\/p>\n<p><strong>\u00dcr\u00fcn 14oz \u00f6l\u00e7\u00fcs\u00fcnde olup, 300-330 ml aras\u0131nda kapasiteye sahiptir.<\/strong><\/p>\n<p>&nbsp;<\/p>","protected":false},"featured_media":519,"comment_status":"open","ping_status":"closed","template":"","meta":[],"product_cat":[111],"product_tag":[127,106,100,102,77,94,124,104,105,123,120,118,79,89,119,93,121,92,122,85],"_links":{"self":[{"href":"https:\/\/mayeambalaj.com\/en\/wp-json\/wp\/v2\/product\/515"}],"collection":[{"href":"https:\/\/mayeambalaj.com\/en\/wp-json\/wp\/v2\/product"}],"about":[{"href":"https:\/\/mayeambalaj.com\/en\/wp-json\/wp\/v2\/types\/product"}],"replies":[{"embeddable":true,"href":"https:\/\/mayeambalaj.com\/en\/wp-json\/wp\/v2\/comments?post=515"}],"wp:featuredmedia":[{"embeddable":true,"href":"https:\/\/mayeambalaj.com\/en\/wp-json\/wp\/v2\/media\/519"}],"wp:attachment":[{"href":"https:\/\/mayeambalaj.com\/en\/wp-json\/wp\/v2\/media?parent=515"}],"wp:term":[{"taxonomy":"product_cat","embeddable":true,"href":"https:\/\/mayeambalaj.com\/en\/wp-json\/wp\/v2\/product_cat?post=515"},{"taxonomy":"product_tag","embeddable":true,"href":"https:\/\/mayeambalaj.com\/en\/wp-json\/wp\/v2\/product_tag?post=515"}],"curies":[{"name":"wp","href":"https:\/\/api.w.org\/{rel}","templated":true}]}}